{"id":4469,"date":"2015-11-09T09:38:08","date_gmt":"2015-11-09T09:38:08","guid":{"rendered":"http:\/\/barcelonaweddingstories.com\/dev\/es\/?page_id=4469"},"modified":"2025-12-05T14:36:02","modified_gmt":"2025-12-05T14:36:02","slug":"contacto","status":"publish","type":"page","link":"https:\/\/barcelonaweddingstories.com\/es\/contacto\/","title":{"rendered":"Contacto"},"content":{"rendered":"<body><p>[vc_row css=\u201d.vc_custom_1445612968984{padding-top: 20px !important;}\u201d][vc_column][vc_empty_space height=\u201d60px\u201d][vc_text_separator title=\u201dContacto\u201d color=\u201dcustom\u201d el_width=\u201d30\u2033 accent_color=\u201d#36180b\u201d][\/vc_column][\/vc_row][vc_row][vc_column][vc_column_text]<\/p>\n<p style=\"text-align: center;\">Si sientes que no sabes por d\u00f3nde empezar o simplemente est\u00e1s evaluando las diferentes opciones\u2026 Si est\u00e1s demasiado emocionada o un poquito dubitativa\u2026Si necesitas la organizaci\u00f3n completa de tu boda o s\u00f3lo buscas inspiraci\u00f3n y un gu\u00eda\u2026<\/p>\n<p style=\"text-align: center;\">\u2026contacta con <strong>Wedding Stories<\/strong> en cualquier momento!<\/p>\n<p>[\/vc_column_text][\/vc_column][\/vc_row][vc_row][vc_column][vc_separator color=\u201dcustom\u201d accent_color=\u201d#36180b\u201d][\/vc_column][\/vc_row][vc_row][vc_column reveal_effect=\u201d\u201d css=\u201d.vc_custom_1445614307781{margin: 0px !important;}\u201d][vc_column_text css=\u201d.vc_custom_1764945359562{padding-bottom: 40px !important;}\u201d]<\/p>\n<p style=\"text-align: center;\"><strong>Wedding Stories<\/strong><\/p>\n<p style=\"text-align: center;\">C\/ Formatgeria 10<br>\n08003 Barcelona<\/p>\n<p style=\"text-align: center;\">Karolina +34 610807063<\/p>\n<p style=\"text-align: center;\"><a href=\"mailto:info@barcelonaweddingstories.com\">info@barcelonaweddingstories.com<\/a><\/p>\n<p style=\"text-align: center;\">Skype: barcelonaweddingstories<\/p>\n<p>[\/vc_column_text][\/vc_column][\/vc_row][vc_row][vc_column][vc_empty_space height=\u201d64px\u201d][\/vc_column][\/vc_row]<\/p>\n<\/body>","protected":false},"excerpt":{"rendered":"<p>[vc_row css=\u201d.vc_custom_1445612968984{padding-top: 20px !important;}\u201d][vc_column][vc_empty_space height=\u201d60px\u201d][vc_text_separator title=\u201dContacto\u201d color=\u201dcustom\u201d el_width=\u201d30\u2033 accent_color=\u201d#36180b\u201d][\/vc_column][\/vc_row][vc_row][vc_column][vc_column_text] Si sientes que no sabes por d\u00f3nde empezar o simplemente est\u00e1s evaluando las diferentes opciones\u2026 Si est\u00e1s demasiado emocionada o un poquito dubitativa\u2026Si necesitas la organizaci\u00f3n completa de tu boda o s\u00f3lo buscas inspiraci\u00f3n y un gu\u00eda\u2026 \u2026contacta con Wedding Stories en cualquier momento! [\/vc_column_text][\/vc_column][\/vc_row][vc_row][vc_column][vc_separator color=\u201dcustom\u201d&hellip;<\/p>\n","protected":false},"author":1,"featured_media":0,"parent":0,"menu_order":0,"comment_status":"open","ping_status":"open","template":"","meta":{"footnotes":""},"class_list":["post-4469","page","type-page","status-publish","hentry"],"yoast_head":"<!-- This site is optimized with the Yoast SEO plugin v27.4 - https:\/\/yoast.com\/product\/yoast-seo-wordpress\/ -->\n<title>Contacto - Barcelona Wedding Stories<\/title>\n<meta name=\"description\" content=\"Si sientes que no sabes por d\u00f3nde empezar o simplemente est\u00e1s evaluando las diferentes opciones - contacta con Wedding Stories en cualquier momento!\" \/>\n<meta name=\"robots\" content=\"index, follow, max-snippet:-1, max-image-preview:large, max-video-preview:-1\" \/>\n<link rel=\"canonical\" href=\"http:\/\/barcelonaweddingstories.com\/es\/contacto\/\" \/>\n<meta property=\"og:locale\" content=\"es_ES\" \/>\n<meta property=\"og:type\" content=\"article\" \/>\n<meta property=\"og:title\" content=\"Contacto - Barcelona Wedding Stories\" \/>\n<meta property=\"og:description\" content=\"Si sientes que no sabes por d\u00f3nde empezar o simplemente est\u00e1s evaluando las diferentes opciones - contacta con Wedding Stories en cualquier momento!\" \/>\n<meta property=\"og:url\" content=\"http:\/\/barcelonaweddingstories.com\/es\/contacto\/\" \/>\n<meta property=\"og:site_name\" content=\"Barcelona Wedding Stories\" \/>\n<meta property=\"article:modified_time\" content=\"2025-12-05T14:36:02+00:00\" \/>\n<meta name=\"twitter:card\" content=\"summary_large_image\" \/>\n<meta name=\"twitter:label1\" content=\"Tiempo de lectura\" \/>\n\t<meta name=\"twitter:data1\" content=\"1 minuto\" \/>\n<script type=\"application\/ld+json\" class=\"yoast-schema-graph\">{\"@context\":\"https:\\\/\\\/schema.org\",\"@graph\":[{\"@type\":\"WebPage\",\"@id\":\"http:\\\/\\\/barcelonaweddingstories.com\\\/es\\\/contacto\\\/\",\"url\":\"http:\\\/\\\/barcelonaweddingstories.com\\\/es\\\/contacto\\\/\",\"name\":\"Contacto - Barcelona Wedding Stories\",\"isPartOf\":{\"@id\":\"http:\\\/\\\/barcelonaweddingstories.com\\\/#website\"},\"datePublished\":\"2015-11-09T09:38:08+00:00\",\"dateModified\":\"2025-12-05T14:36:02+00:00\",\"description\":\"Si sientes que no sabes por d\u00f3nde empezar o simplemente est\u00e1s evaluando las diferentes opciones - contacta con Wedding Stories en cualquier momento!\",\"breadcrumb\":{\"@id\":\"http:\\\/\\\/barcelonaweddingstories.com\\\/es\\\/contacto\\\/#breadcrumb\"},\"inLanguage\":\"es\",\"potentialAction\":[{\"@type\":\"ReadAction\",\"target\":[\"http:\\\/\\\/barcelonaweddingstories.com\\\/es\\\/contacto\\\/\"]}]},{\"@type\":\"BreadcrumbList\",\"@id\":\"http:\\\/\\\/barcelonaweddingstories.com\\\/es\\\/contacto\\\/#breadcrumb\",\"itemListElement\":[{\"@type\":\"ListItem\",\"position\":1,\"name\":\"Home\",\"item\":\"http:\\\/\\\/barcelonaweddingstories.com\\\/es\\\/\"},{\"@type\":\"ListItem\",\"position\":2,\"name\":\"Contacto\"}]},{\"@type\":\"WebSite\",\"@id\":\"http:\\\/\\\/barcelonaweddingstories.com\\\/#website\",\"url\":\"http:\\\/\\\/barcelonaweddingstories.com\\\/\",\"name\":\"Barcelona Wedding Stories\",\"description\":\"Wedding Planner Barcelona\",\"potentialAction\":[{\"@type\":\"SearchAction\",\"target\":{\"@type\":\"EntryPoint\",\"urlTemplate\":\"http:\\\/\\\/barcelonaweddingstories.com\\\/?s={search_term_string}\"},\"query-input\":{\"@type\":\"PropertyValueSpecification\",\"valueRequired\":true,\"valueName\":\"search_term_string\"}}],\"inLanguage\":\"es\"}]}<\/script>\n<!-- \/ Yoast SEO plugin. -->","yoast_head_json":{"title":"Contacto - Barcelona Wedding Stories","description":"Si sientes que no sabes por d\u00f3nde empezar o simplemente est\u00e1s evaluando las diferentes opciones - contacta con Wedding Stories en cualquier momento!","robots":{"index":"index","follow":"follow","max-snippet":"max-snippet:-1","max-image-preview":"max-image-preview:large","max-video-preview":"max-video-preview:-1"},"canonical":"http:\/\/barcelonaweddingstories.com\/es\/contacto\/","og_locale":"es_ES","og_type":"article","og_title":"Contacto - Barcelona Wedding Stories","og_description":"Si sientes que no sabes por d\u00f3nde empezar o simplemente est\u00e1s evaluando las diferentes opciones - contacta con Wedding Stories en cualquier momento!","og_url":"http:\/\/barcelonaweddingstories.com\/es\/contacto\/","og_site_name":"Barcelona Wedding Stories","article_modified_time":"2025-12-05T14:36:02+00:00","twitter_card":"summary_large_image","twitter_misc":{"Tiempo de lectura":"1 minuto"},"schema":{"@context":"https:\/\/schema.org","@graph":[{"@type":"WebPage","@id":"http:\/\/barcelonaweddingstories.com\/es\/contacto\/","url":"http:\/\/barcelonaweddingstories.com\/es\/contacto\/","name":"Contacto - Barcelona Wedding Stories","isPartOf":{"@id":"http:\/\/barcelonaweddingstories.com\/#website"},"datePublished":"2015-11-09T09:38:08+00:00","dateModified":"2025-12-05T14:36:02+00:00","description":"Si sientes que no sabes por d\u00f3nde empezar o simplemente est\u00e1s evaluando las diferentes opciones - contacta con Wedding Stories en cualquier momento!","breadcrumb":{"@id":"http:\/\/barcelonaweddingstories.com\/es\/contacto\/#breadcrumb"},"inLanguage":"es","potentialAction":[{"@type":"ReadAction","target":["http:\/\/barcelonaweddingstories.com\/es\/contacto\/"]}]},{"@type":"BreadcrumbList","@id":"http:\/\/barcelonaweddingstories.com\/es\/contacto\/#breadcrumb","itemListElement":[{"@type":"ListItem","position":1,"name":"Home","item":"http:\/\/barcelonaweddingstories.com\/es\/"},{"@type":"ListItem","position":2,"name":"Contacto"}]},{"@type":"WebSite","@id":"http:\/\/barcelonaweddingstories.com\/#website","url":"http:\/\/barcelonaweddingstories.com\/","name":"Barcelona Wedding Stories","description":"Wedding Planner Barcelona","potentialAction":[{"@type":"SearchAction","target":{"@type":"EntryPoint","urlTemplate":"http:\/\/barcelonaweddingstories.com\/?s={search_term_string}"},"query-input":{"@type":"PropertyValueSpecification","valueRequired":true,"valueName":"search_term_string"}}],"inLanguage":"es"}]}},"_links":{"self":[{"href":"https:\/\/barcelonaweddingstories.com\/es\/wp-json\/wp\/v2\/pages\/4469","targetHints":{"allow":["GET"]}}],"collection":[{"href":"https:\/\/barcelonaweddingstories.com\/es\/wp-json\/wp\/v2\/pages"}],"about":[{"href":"https:\/\/barcelonaweddingstories.com\/es\/wp-json\/wp\/v2\/types\/page"}],"author":[{"embeddable":true,"href":"https:\/\/barcelonaweddingstories.com\/es\/wp-json\/wp\/v2\/users\/1"}],"replies":[{"embeddable":true,"href":"https:\/\/barcelonaweddingstories.com\/es\/wp-json\/wp\/v2\/comments?post=4469"}],"version-history":[{"count":3,"href":"https:\/\/barcelonaweddingstories.com\/es\/wp-json\/wp\/v2\/pages\/4469\/revisions"}],"predecessor-version":[{"id":5307,"href":"https:\/\/barcelonaweddingstories.com\/es\/wp-json\/wp\/v2\/pages\/4469\/revisions\/5307"}],"wp:attachment":[{"href":"https:\/\/barcelonaweddingstories.com\/es\/wp-json\/wp\/v2\/media?parent=4469"}],"curies":[{"name":"wp","href":"https:\/\/api.w.org\/{rel}","templated":true}]}}