{"id":4471,"date":"2015-11-09T09:41:24","date_gmt":"2015-11-09T09:41:24","guid":{"rendered":"http:\/\/barcelonaweddingstories.com\/dev\/es\/?page_id=4471"},"modified":"2018-09-21T12:40:29","modified_gmt":"2018-09-21T12:40:29","slug":"home","status":"publish","type":"page","link":"http:\/\/barcelonaweddingstories.com\/es\/","title":{"rendered":"Home"},"content":{"rendered":"<body><p>[vc_row full_width=\u201dlab-full-width\u201d no_bottom_margin=\u201dyes\u201d css=\u201d.vc_custom_1463758149238{margin-top: 0px !important;margin-right: 0px !important;margin-bottom: 0px !important;margin-left: 0px !important;border-top-width: 0px !important;border-right-width: 0px !important;border-bottom-width: 0px !important;border-left-width: 0px !important;padding-top: 0px !important;padding-right: 0px !important;padding-bottom: 0px !important;padding-left: 0px !important;}\u201d][vc_column reveal_effect=\u201d\u201d offset=\u201dvc_hidden-sm vc_hidden-xs\u201d css=\u201d.vc_custom_1448898408559{margin-bottom: 0px !important;border-bottom-width: 0px !important;padding-bottom: 0px !important;}\u201d][rev_slider_vc alias=\u201dhome\u201d][\/vc_column][\/vc_row][vc_row full_width=\u201dlab-full-width\u201d no_bottom_margin=\u201dyes\u201d css=\u201d.vc_custom_1463758167693{padding-top: 0px !important;}\u201d][vc_column reveal_effect=\u201d\u201d offset=\u201dvc_hidden-lg vc_hidden-md\u201d css=\u201d.vc_custom_1449135788285{margin-top: 0px !important;margin-right: 0px !important;margin-bottom: 0px !important;margin-left: 0px !important;border-top-width: 0px !important;border-right-width: 0px !important;border-bottom-width: 0px !important;border-left-width: 0px !important;padding-top: 0px !important;padding-right: 0px !important;padding-bottom: 0px !important;padding-left: 0px !important;}\u201d][vc_single_image image=\u201d4029\u2033 img_size=\u201dfull\u201d css=\u201d.vc_custom_1448897758449{margin: 0px !important;border-width: 0px !important;padding: 0px !important;}\u201d][\/vc_column][\/vc_row][vc_row full_width=\u201dlab-full-width\u201d no_bottom_margin=\u201dyes\u201d css=\u201d.vc_custom_1463757695626{margin-bottom: 0px !important;border-bottom-width: 0px !important;padding-bottom: 0px !important;background-color: #45a8ae !important;}\u201d][vc_column reveal_effect=\u201d\u201d css=\u201d.vc_custom_1448898386216{margin-top: 0px !important;border-top-width: 0px !important;padding-top: 80px !important;padding-right: 200px !important;padding-bottom: 80px !important;padding-left: 200px !important;background-color: #45a8ae !important;}\u201d offset=\u201dvc_hidden-xs\u201d][vc_column_text css_animation=\u201dtop-to-bottom\u201d css=\u201d.vc_custom_1447062047942{padding-top: 80px !important;padding-bottom: 80px !important;background-color: #45a8ae !important;}\u201d]<\/p>\n<h3 style=\"text-align: center;\"><span style=\"color: #f9fbe4;\">\u201c\u2026y vivieron felices para siempre.\u201d \u2013 un gran suspiro.<\/span><br>\n<span style=\"color: #f9fbe4;\">As\u00ed se cierra el libro o se acaba la pel\u00edcula.<\/span><\/h3>\n<h3 style=\"text-align: center;\"><span style=\"color: #f9fbe4;\">Las historias de amor han dominado el mundo de la literatura y del cine desde siempre.<br>\nDesde cl\u00e1sicos que nos hacen llorar hasta modernas que nos hacen re\u00edr. No es para menos.<br>\nTodos necesitamos amor y todos buscamos a ese alguien especial. Cuando ya encontramos a esa princesa o pr\u00edncipe azul, el cielo deja de ser tan misterioso.<\/span><\/h3>\n<h3 style=\"text-align: center;\"><span style=\"color: #f9fbe4;\">Aqu\u00ed es cuando Wedding Stories entra en escena.<\/span><br>\n<span style=\"color: #f9fbe4;\">Cuando tu cabeza est\u00e9 en las nubes, te ayudaremos a escribir tu propia boda de cuento.<\/span><\/h3>\n<p>[\/vc_column_text][\/vc_column][\/vc_row][vc_row full_width=\u201dlab-full-width\u201d no_bottom_margin=\u201dyes\u201d css=\u201d.vc_custom_1463757689979{background-color: #45a8ae !important;}\u201d][vc_column reveal_effect=\u201d\u201d css=\u201d.vc_custom_1445601166893{padding-top: 80px !important;padding-bottom: 80px !important;background-color: #45a8ae !important;}\u201d offset=\u201dvc_hidden-lg vc_hidden-md vc_hidden-sm\u201d][vc_column_text css_animation=\u201dtop-to-bottom\u201d css=\u201d.vc_custom_1447062082540{padding-top: 80px !important;padding-bottom: 80px !important;background-color: #45a8ae !important;}\u201d]<\/p>\n<h3 style=\"text-align: center;\"><span style=\"color: #f9fbe4;\">\u201c\u2026y vivieron felices para siempre.\u201d \u2013 un gran suspiro.<\/span><br>\n<span style=\"color: #f9fbe4;\">As\u00ed se cierra el libro o se acaba la pel\u00edcula.<\/span><\/h3>\n<h3 style=\"text-align: center;\"><span style=\"color: #f9fbe4;\">Las historias de amor han dominado el mundo de la literatura y del cine desde siempre.<br>\nDesde cl\u00e1sicos que nos hacen llorar hasta modernas que nos hacen re\u00edr. No es para menos.<br>\nTodos necesitamos amor y todos buscamos a ese alguien especial. Cuando ya encontramos a esa princesa o pr\u00edncipe azul, el cielo deja de ser tan misterioso.<\/span><\/h3>\n<h3 style=\"text-align: center;\"><span style=\"color: #f9fbe4;\">Aqu\u00ed es cuando Wedding Stories entra en escena.<\/span><br>\n<span style=\"color: #f9fbe4;\">Cuando tu cabeza est\u00e9 en las nubes, te ayudaremos a escribir tu propia boda de cuento.<\/span><\/h3>\n<p>[\/vc_column_text][\/vc_column][\/vc_row]<\/p>\n<\/body>","protected":false},"excerpt":{"rendered":"<p>[vc_row full_width=\u201dlab-full-width\u201d no_bottom_margin=\u201dyes\u201d css=\u201d.vc_custom_1463758149238{margin-top: 0px !important;margin-right: 0px !important;margin-bottom: 0px !important;margin-left: 0px !important;border-top-width: 0px !important;border-right-width: 0px !important;border-bottom-width: 0px !important;border-left-width: 0px !important;padding-top: 0px !important;padding-right: 0px !important;padding-bottom: 0px !important;padding-left: 0px !important;}\u201d][vc_column reveal_effect=\u201d\u201d offset=\u201dvc_hidden-sm vc_hidden-xs\u201d css=\u201d.vc_custom_1448898408559{margin-bottom: 0px !important;border-bottom-width: 0px !important;padding-bottom: 0px !important;}\u201d][rev_slider_vc alias=\u201dhome\u201d][\/vc_column][\/vc_row][vc_row full_width=\u201dlab-full-width\u201d no_bottom_margin=\u201dyes\u201d css=\u201d.vc_custom_1463758167693{padding-top: 0px !important;}\u201d][vc_column reveal_effect=\u201d\u201d offset=\u201dvc_hidden-lg vc_hidden-md\u201d css=\u201d.vc_custom_1449135788285{margin-top: 0px !important;margin-right: 0px !important;margin-bottom: 0px !important;margin-left: 0px&hellip;<\/p>\n","protected":false},"author":1,"featured_media":0,"parent":0,"menu_order":0,"comment_status":"open","ping_status":"open","template":"","meta":{"footnotes":""},"class_list":["post-4471","page","type-page","status-publish","hentry"],"yoast_head":"<!-- This site is optimized with the Yoast SEO plugin v27.5 - https:\/\/yoast.com\/product\/yoast-seo-wordpress\/ -->\n<title>Barcelona Wedding Stories -\u00a0Organizaci\u00f3n de Bodas<\/title>\n<meta name=\"description\" content=\"Cuando tu cabeza est\u00e9 en las nubes, Wedding Stories te ayudar\u00e1 a escribir tu propia boda de cuento.\" \/>\n<meta name=\"robots\" content=\"index, follow, max-snippet:-1, max-image-preview:large, max-video-preview:-1\" \/>\n<link rel=\"canonical\" href=\"http:\/\/barcelonaweddingstories.com\/es\/\" \/>\n<meta property=\"og:locale\" content=\"es_ES\" \/>\n<meta property=\"og:type\" content=\"article\" \/>\n<meta property=\"og:title\" content=\"Barcelona Wedding Stories -\u00a0Organizaci\u00f3n de Bodas\" \/>\n<meta property=\"og:description\" content=\"Cuando tu cabeza est\u00e9 en las nubes, Wedding Stories te ayudar\u00e1 a escribir tu propia boda de cuento.\" \/>\n<meta property=\"og:url\" content=\"http:\/\/barcelonaweddingstories.com\/es\/\" \/>\n<meta property=\"og:site_name\" content=\"Barcelona Wedding Stories\" \/>\n<meta property=\"article:modified_time\" content=\"2018-09-21T12:40:29+00:00\" \/>\n<meta name=\"twitter:card\" content=\"summary_large_image\" \/>\n<meta name=\"twitter:label1\" content=\"Tiempo de lectura\" \/>\n\t<meta name=\"twitter:data1\" content=\"3 minutos\" \/>\n<script type=\"application\/ld+json\" class=\"yoast-schema-graph\">{\"@context\":\"https:\\\/\\\/schema.org\",\"@graph\":[{\"@type\":\"WebPage\",\"@id\":\"http:\\\/\\\/barcelonaweddingstories.com\\\/es\\\/\",\"url\":\"http:\\\/\\\/barcelonaweddingstories.com\\\/es\\\/\",\"name\":\"Barcelona Wedding Stories -\u00a0Organizaci\u00f3n de Bodas\",\"isPartOf\":{\"@id\":\"http:\\\/\\\/barcelonaweddingstories.com\\\/#website\"},\"datePublished\":\"2015-11-09T09:41:24+00:00\",\"dateModified\":\"2018-09-21T12:40:29+00:00\",\"description\":\"Cuando tu cabeza est\u00e9 en las nubes, Wedding Stories te ayudar\u00e1 a escribir tu propia boda de cuento.\",\"breadcrumb\":{\"@id\":\"http:\\\/\\\/barcelonaweddingstories.com\\\/es\\\/#breadcrumb\"},\"inLanguage\":\"es\",\"potentialAction\":[{\"@type\":\"ReadAction\",\"target\":[\"http:\\\/\\\/barcelonaweddingstories.com\\\/es\\\/\"]}]},{\"@type\":\"BreadcrumbList\",\"@id\":\"http:\\\/\\\/barcelonaweddingstories.com\\\/es\\\/#breadcrumb\",\"itemListElement\":[{\"@type\":\"ListItem\",\"position\":1,\"name\":\"Home\",\"item\":\"http:\\\/\\\/barcelonaweddingstories.com\\\/es\\\/\"},{\"@type\":\"ListItem\",\"position\":2,\"name\":\"Home\"}]},{\"@type\":\"WebSite\",\"@id\":\"http:\\\/\\\/barcelonaweddingstories.com\\\/#website\",\"url\":\"http:\\\/\\\/barcelonaweddingstories.com\\\/\",\"name\":\"Barcelona Wedding Stories\",\"description\":\"Wedding Planner Barcelona\",\"potentialAction\":[{\"@type\":\"SearchAction\",\"target\":{\"@type\":\"EntryPoint\",\"urlTemplate\":\"http:\\\/\\\/barcelonaweddingstories.com\\\/?s={search_term_string}\"},\"query-input\":{\"@type\":\"PropertyValueSpecification\",\"valueRequired\":true,\"valueName\":\"search_term_string\"}}],\"inLanguage\":\"es\"}]}<\/script>\n<!-- \/ Yoast SEO plugin. -->","yoast_head_json":{"title":"Barcelona Wedding Stories -\u00a0Organizaci\u00f3n de Bodas","description":"Cuando tu cabeza est\u00e9 en las nubes, Wedding Stories te ayudar\u00e1 a escribir tu propia boda de cuento.","robots":{"index":"index","follow":"follow","max-snippet":"max-snippet:-1","max-image-preview":"max-image-preview:large","max-video-preview":"max-video-preview:-1"},"canonical":"http:\/\/barcelonaweddingstories.com\/es\/","og_locale":"es_ES","og_type":"article","og_title":"Barcelona Wedding Stories -\u00a0Organizaci\u00f3n de Bodas","og_description":"Cuando tu cabeza est\u00e9 en las nubes, Wedding Stories te ayudar\u00e1 a escribir tu propia boda de cuento.","og_url":"http:\/\/barcelonaweddingstories.com\/es\/","og_site_name":"Barcelona Wedding Stories","article_modified_time":"2018-09-21T12:40:29+00:00","twitter_card":"summary_large_image","twitter_misc":{"Tiempo de lectura":"3 minutos"},"schema":{"@context":"https:\/\/schema.org","@graph":[{"@type":"WebPage","@id":"http:\/\/barcelonaweddingstories.com\/es\/","url":"http:\/\/barcelonaweddingstories.com\/es\/","name":"Barcelona Wedding Stories -\u00a0Organizaci\u00f3n de Bodas","isPartOf":{"@id":"http:\/\/barcelonaweddingstories.com\/#website"},"datePublished":"2015-11-09T09:41:24+00:00","dateModified":"2018-09-21T12:40:29+00:00","description":"Cuando tu cabeza est\u00e9 en las nubes, Wedding Stories te ayudar\u00e1 a escribir tu propia boda de cuento.","breadcrumb":{"@id":"http:\/\/barcelonaweddingstories.com\/es\/#breadcrumb"},"inLanguage":"es","potentialAction":[{"@type":"ReadAction","target":["http:\/\/barcelonaweddingstories.com\/es\/"]}]},{"@type":"BreadcrumbList","@id":"http:\/\/barcelonaweddingstories.com\/es\/#breadcrumb","itemListElement":[{"@type":"ListItem","position":1,"name":"Home","item":"http:\/\/barcelonaweddingstories.com\/es\/"},{"@type":"ListItem","position":2,"name":"Home"}]},{"@type":"WebSite","@id":"http:\/\/barcelonaweddingstories.com\/#website","url":"http:\/\/barcelonaweddingstories.com\/","name":"Barcelona Wedding Stories","description":"Wedding Planner Barcelona","potentialAction":[{"@type":"SearchAction","target":{"@type":"EntryPoint","urlTemplate":"http:\/\/barcelonaweddingstories.com\/?s={search_term_string}"},"query-input":{"@type":"PropertyValueSpecification","valueRequired":true,"valueName":"search_term_string"}}],"inLanguage":"es"}]}},"_links":{"self":[{"href":"http:\/\/barcelonaweddingstories.com\/es\/wp-json\/wp\/v2\/pages\/4471","targetHints":{"allow":["GET"]}}],"collection":[{"href":"http:\/\/barcelonaweddingstories.com\/es\/wp-json\/wp\/v2\/pages"}],"about":[{"href":"http:\/\/barcelonaweddingstories.com\/es\/wp-json\/wp\/v2\/types\/page"}],"author":[{"embeddable":true,"href":"http:\/\/barcelonaweddingstories.com\/es\/wp-json\/wp\/v2\/users\/1"}],"replies":[{"embeddable":true,"href":"http:\/\/barcelonaweddingstories.com\/es\/wp-json\/wp\/v2\/comments?post=4471"}],"version-history":[{"count":1,"href":"http:\/\/barcelonaweddingstories.com\/es\/wp-json\/wp\/v2\/pages\/4471\/revisions"}],"predecessor-version":[{"id":5279,"href":"http:\/\/barcelonaweddingstories.com\/es\/wp-json\/wp\/v2\/pages\/4471\/revisions\/5279"}],"wp:attachment":[{"href":"http:\/\/barcelonaweddingstories.com\/es\/wp-json\/wp\/v2\/media?parent=4471"}],"curies":[{"name":"wp","href":"https:\/\/api.w.org\/{rel}","templated":true}]}}